{"id":129,"date":"2020-09-15T06:48:29","date_gmt":"2020-09-15T06:48:29","guid":{"rendered":"http:\/\/designum-architecture.fr\/?page_id=129"},"modified":"2023-10-10T09:17:34","modified_gmt":"2023-10-10T08:17:34","slug":"about","status":"publish","type":"page","link":"https:\/\/designum-architecture.fr\/?page_id=129","title":{"rendered":"A propos"},"content":{"rendered":"\n<div class=\"wp-block-cover alignfull\" style=\"min-height:550px;aspect-ratio:unset;\"><span aria-hidden=\"true\" class=\"wp-block-cover__background has-background-dim\" style=\"background-color:#000000\"><\/span><img fetchpriority=\"high\" decoding=\"async\" width=\"1280\" height=\"720\" class=\"wp-block-cover__image-background wp-image-474\" alt=\"okavango delta, river, landscape-5158380.jpg\" src=\"https:\/\/designum-architecture.fr\/wp-content\/uploads\/2022\/03\/okavango-delta-river-landscape-5158380.jpg\" data-object-fit=\"cover\" srcset=\"https:\/\/designum-architecture.fr\/wp-content\/uploads\/2022\/03\/okavango-delta-river-landscape-5158380.jpg 1280w, https:\/\/designum-architecture.fr\/wp-content\/uploads\/2022\/03\/okavango-delta-river-landscape-5158380-300x169.jpg 300w, https:\/\/designum-architecture.fr\/wp-content\/uploads\/2022\/03\/okavango-delta-river-landscape-5158380-1024x576.jpg 1024w, https:\/\/designum-architecture.fr\/wp-content\/uploads\/2022\/03\/okavango-delta-river-landscape-5158380-768x432.jpg 768w\" sizes=\"(max-width: 1280px) 100vw, 1280px\" \/><div class=\"wp-block-cover__inner-container is-layout-flow wp-block-cover-is-layout-flow\">\n<h1 class=\"wp-block-heading has-text-align-center has-text-color\" style=\"color:#ffffff\">A propos<\/h1>\n<\/div><\/div>\n\n\n\n<div class=\"wp-block-group alignfull has-white-background-color has-background is-layout-flow wp-block-group-is-layout-flow\">\n<div class=\"wp-block-media-text has-media-on-the-right is-stacked-on-mobile is-vertically-aligned-center alignwide\" style=\"grid-template-columns:auto 25%\"><div class=\"wp-block-media-text__content\">\n<h2 class=\"wp-block-heading\">Design&rsquo;um<\/h2>\n\n\n\n<p>L&rsquo;entreprise est n\u00e9e d&rsquo;une volont\u00e9 d&rsquo;allier la r\u00e9novation et les voyages en une activit\u00e9 commune. Attachant une attention particuli\u00e8re au bien-\u00eatre chez soit, il me semble primordial de pouvoir s&rsquo;\u00e9vader tout en restant \u00e0 la maison. L&rsquo;architecture d&rsquo;int\u00e9rieur s&rsquo;est ainsi naturellement impos\u00e9e en portant une attention particuli\u00e8re aux besoins du client, la compr\u00e9hension de son projet et dans le respect de l&rsquo;environnement d\u00e8s que possible.<\/p>\n\n\n\n<h3 class=\"wp-block-heading\">Caroline Druguet<\/h3>\n\n\n\n<p><strong>En tant qu&rsquo;architecte d&rsquo;int\u00e9rieur, je suis susceptible d&rsquo;intervenir pour tous types de projet de construction, d&rsquo;am\u00e9nagement ou de r\u00e9am\u00e9nagement d&rsquo;immeuble, de maison, d&rsquo;appartement, de bureau ou de commerce. Je rayonne sur toute la m\u00e9tropole Lilloise et jusqu&rsquo;\u00e0 une quarantaine de kilom\u00e8tres alentour.<\/strong><\/p>\n\n\n\n<p>Les liens avec mes partenaires me permettent \u00e9galement de r\u00e9pondre plus largement sur des sujets bien sp\u00e9cifiques et d&rsquo;envergure gr\u00e2ce aux comp\u00e9tences d&rsquo;un architecte, d&rsquo;un \u00e9conomiste de la construction, d&rsquo;un bureau d&rsquo;\u00e9tude et d&rsquo;un paysagiste.<\/p>\n<\/div><figure class=\"wp-block-media-text__media\"><img decoding=\"async\" width=\"950\" height=\"1024\" src=\"https:\/\/designum-architecture.fr\/wp-content\/uploads\/2023\/10\/Photo-carree-950x1024.jpg\" alt=\"\" class=\"wp-image-1642 size-full\" srcset=\"https:\/\/designum-architecture.fr\/wp-content\/uploads\/2023\/10\/Photo-carree-950x1024.jpg 950w, https:\/\/designum-architecture.fr\/wp-content\/uploads\/2023\/10\/Photo-carree-278x300.jpg 278w, https:\/\/designum-architecture.fr\/wp-content\/uploads\/2023\/10\/Photo-carree-768x828.jpg 768w, https:\/\/designum-architecture.fr\/wp-content\/uploads\/2023\/10\/Photo-carree-1424x1536.jpg 1424w, https:\/\/designum-architecture.fr\/wp-content\/uploads\/2023\/10\/Photo-carree-1899x2048.jpg 1899w\" sizes=\"(max-width: 950px) 100vw, 950px\" \/><\/figure><\/div>\n<\/div>\n\n\n\n<div class=\"wp-block-group alignfull has-ast-global-color-4-background-color has-background is-layout-flow wp-block-group-is-layout-flow\">\n<div class=\"wp-block-columns alignwide is-layout-flex wp-container-core-columns-is-layout-28f84493 wp-block-columns-is-layout-flex\">\n<div class=\"wp-block-column is-layout-flow wp-block-column-is-layout-flow\">\n<h4 class=\"wp-block-heading\">Exp\u00e9rience<\/h4>\n\n\n\n<p>Forte d&rsquo;une exp\u00e9rience de 8 ans dans la gestion relationnelle et commerciale d&rsquo;un r\u00e9seau d&rsquo;entreprises du b\u00e2timent dans tous les corps d&rsquo;\u00e9tat, j&rsquo;ai appris, \u00e0 leur contact, les bases techniques de la construction et de la r\u00e9novation. Couramment en visite de projet, j&rsquo;ai eu l&rsquo;occasion de faire mes armes en relev\u00e9s de m\u00e9tr\u00e9s et gestion de chantier durant ces ann\u00e9es.<\/p>\n\n\n\n<div class=\"wp-block-columns is-layout-flex wp-container-core-columns-is-layout-28f84493 wp-block-columns-is-layout-flex\">\n<div class=\"wp-block-column is-vertically-aligned-center is-layout-flow wp-block-column-is-layout-flow\" style=\"flex-basis:33.33%\">\n<figure class=\"wp-block-image aligncenter size-large\"><img decoding=\"async\" width=\"1024\" height=\"683\" src=\"https:\/\/designum-architecture.fr\/wp-content\/uploads\/2022\/03\/book-read-glasses-4600757-1024x683.jpg\" alt=\"book, read, glasses-4600757.jpg\" class=\"wp-image-722\" srcset=\"https:\/\/designum-architecture.fr\/wp-content\/uploads\/2022\/03\/book-read-glasses-4600757-1024x683.jpg 1024w, https:\/\/designum-architecture.fr\/wp-content\/uploads\/2022\/03\/book-read-glasses-4600757-300x200.jpg 300w, https:\/\/designum-architecture.fr\/wp-content\/uploads\/2022\/03\/book-read-glasses-4600757-768x512.jpg 768w, https:\/\/designum-architecture.fr\/wp-content\/uploads\/2022\/03\/book-read-glasses-4600757.jpg 1280w\" sizes=\"(max-width: 1024px) 100vw, 1024px\" \/><\/figure>\n<\/div>\n\n\n\n<div class=\"wp-block-column is-vertically-aligned-center is-layout-flow wp-block-column-is-layout-flow\" style=\"flex-basis:66.66%\">\n<p>Tout d&rsquo;abord autodidacte dans la r\u00e9novation, j&rsquo;ai commenc\u00e9 par la transformation int\u00e9grale de mon appartement sur Lyon, puis du Home Staging sur Paris, pour finalement poser mes bagages \u00e0 Lille. Ce dernier d\u00e9m\u00e9nagement fut l&rsquo;occasion d&rsquo;un changement de voix professionnelle avec la d\u00e9cision de faire de ce plaisir mon m\u00e9tier et donc de passer un dipl\u00f4me d\u2019\u00c9tat dans le domaine.<\/p>\n<\/div>\n<\/div>\n\n\n\n<p>Mes proches ont \u00e9t\u00e9 les premiers \u00e0 me faire confiance puis le bouche \u00e0 oreille a enclench\u00e9 la suite des projets :<br>&#8211; Am\u00e9nagement de bureaux,<br>&#8211; R\u00e9novation d&rsquo;un lasergame,<br>&#8211; R\u00e9novation d&rsquo;un corps de ferme,<br>&#8211; R\u00e9fection de cuisines et salles de bain\u2026<\/p>\n<\/div>\n\n\n\n<div class=\"wp-block-column is-layout-flow wp-block-column-is-layout-flow\" style=\"flex-basis:600px\">\n<h4 class=\"wp-block-heading\">\u00c9tudes<\/h4>\n\n\n\n<div class=\"wp-block-columns is-layout-flex wp-container-core-columns-is-layout-28f84493 wp-block-columns-is-layout-flex\">\n<div class=\"wp-block-column is-layout-flow wp-block-column-is-layout-flow\" style=\"flex-basis:80%\">\n<p>Dipl\u00f4m\u00e9e de l&rsquo;\u00e9cole MMI D\u00e9co de Paris dans le but de me professionnaliser, cela m&rsquo;a permis d&rsquo;acqu\u00e9rir des comp\u00e9tences techniques et artistiques compl\u00e9mentaires dans la r\u00e9alisation de projets neufs et de r\u00e9novation.<\/p>\n<\/div>\n\n\n\n<div class=\"wp-block-column is-vertically-aligned-center is-layout-flow wp-block-column-is-layout-flow\" style=\"flex-basis:20%\">\n<figure class=\"wp-block-image aligncenter size-full is-resized\"><img loading=\"lazy\" decoding=\"async\" src=\"https:\/\/designum-architecture.fr\/wp-content\/uploads\/2022\/03\/MMI-Deco.png\" alt=\"\" class=\"wp-image-713\" style=\"width:68px;height:70px\" width=\"68\" height=\"70\"\/><\/figure>\n<\/div>\n<\/div>\n\n\n\n<div class=\"wp-block-columns is-layout-flex wp-container-core-columns-is-layout-28f84493 wp-block-columns-is-layout-flex\">\n<div class=\"wp-block-column is-layout-flow wp-block-column-is-layout-flow\" style=\"flex-basis:80%\">\n<p>Issue initialement d&rsquo;un Master en Hydrog\u00e9ologie, sols et environnement, j&rsquo;ai toujours port\u00e9 une attention particuli\u00e8re \u00e0 la nature. Aujourd&rsquo;hui, je mets \u00e0 profit ces connaissances pour d\u00e9velopper des solutions respectueuses de l&rsquo;environnement tout en fournissant un espace de vie confortable et agr\u00e9able. <\/p>\n<\/div>\n\n\n\n<div class=\"wp-block-column is-vertically-aligned-center is-layout-flow wp-block-column-is-layout-flow\" style=\"flex-basis:10%\">\n<figure class=\"wp-block-image aligncenter size-full is-resized\"><img loading=\"lazy\" decoding=\"async\" src=\"https:\/\/designum-architecture.fr\/wp-content\/uploads\/2022\/03\/Universite-Avignon.jpg\" alt=\"\" class=\"wp-image-715\" style=\"width:69px;height:121px\" width=\"69\" height=\"121\"\/><\/figure>\n<\/div>\n<\/div>\n\n\n\n<p><\/p>\n\n\n\n<p><\/p>\n<\/div>\n<\/div>\n<\/div>\n\n\n\n<p><\/p>\n","protected":false},"excerpt":{"rendered":"<p>Design&rsquo;um L&rsquo;entreprise est n\u00e9e d&rsquo;une volont\u00e9 d&rsquo;allier la r\u00e9novation et les voyages en une activit\u00e9 commune. Attachant une attention particuli\u00e8re au bien-\u00eatre chez soit, il me semble primordial de pouvoir s&rsquo;\u00e9vader tout en restant \u00e0 la maison. L&rsquo;architecture d&rsquo;int\u00e9rieur s&rsquo;est ainsi naturellement impos\u00e9e en portant une attention particuli\u00e8re aux besoins du client, la compr\u00e9hension de [&hellip;]<\/p>\n","protected":false},"author":1,"featured_media":0,"parent":0,"menu_order":0,"comment_status":"closed","ping_status":"closed","template":"","meta":{"om_disable_all_campaigns":false,"_monsterinsights_skip_tracking":false,"_monsterinsights_sitenote_active":false,"_monsterinsights_sitenote_note":"","_monsterinsights_sitenote_category":0,"site-sidebar-layout":"no-sidebar","site-content-layout":"plain-container","ast-site-content-layout":"default","site-content-style":"default","site-sidebar-style":"default","ast-global-header-display":"","ast-banner-title-visibility":"","ast-main-header-display":"","ast-hfb-above-header-display":"","ast-hfb-below-header-display":"","ast-hfb-mobile-header-display":"","site-post-title":"disabled","ast-breadcrumbs-content":"","ast-featured-img":"","footer-sml-layout":"","theme-transparent-header-meta":"enabled","adv-header-id-meta":"","stick-header-meta":"","header-above-stick-meta":"","header-main-stick-meta":"","header-below-stick-meta":"","astra-migrate-meta-layouts":"default","ast-page-background-enabled":"default","ast-page-background-meta":{"desktop":{"background-color":"","background-image":"","background-repeat":"repeat","background-position":"center center","background-size":"auto","background-attachment":"scroll","background-type":"","background-media":"","overlay-type":"","overlay-color":"","overlay-opacity":"","overlay-gradient":""},"tablet":{"background-color":"","background-image":"","background-repeat":"repeat","background-position":"center center","background-size":"auto","background-attachment":"scroll","background-type":"","background-media":"","overlay-type":"","overlay-color":"","overlay-opacity":"","overlay-gradient":""},"mobile":{"background-color":"","background-image":"","background-repeat":"repeat","background-position":"center center","background-size":"auto","background-attachment":"scroll","background-type":"","background-media":"","overlay-type":"","overlay-color":"","overlay-opacity":"","overlay-gradient":""}},"ast-content-background-meta":{"desktop":{"background-color":"var(--ast-global-color-5)","background-image":"","background-repeat":"repeat","background-position":"center center","background-size":"auto","background-attachment":"scroll","background-type":"","background-media":"","overlay-type":"","overlay-color":"","overlay-opacity":"","overlay-gradient":""},"tablet":{"background-color":"var(--ast-global-color-5)","background-image":"","background-repeat":"repeat","background-position":"center center","background-size":"auto","background-attachment":"scroll","background-type":"","background-media":"","overlay-type":"","overlay-color":"","overlay-opacity":"","overlay-gradient":""},"mobile":{"background-color":"var(--ast-global-color-5)","background-image":"","background-repeat":"repeat","background-position":"center center","background-size":"auto","background-attachment":"scroll","background-type":"","background-media":"","overlay-type":"","overlay-color":"","overlay-opacity":"","overlay-gradient":""}},"footnotes":""},"class_list":["post-129","page","type-page","status-publish","hentry"],"aioseo_notices":[],"_links":{"self":[{"href":"https:\/\/designum-architecture.fr\/index.php?rest_route=\/wp\/v2\/pages\/129","targetHints":{"allow":["GET"]}}],"collection":[{"href":"https:\/\/designum-architecture.fr\/index.php?rest_route=\/wp\/v2\/pages"}],"about":[{"href":"https:\/\/designum-architecture.fr\/index.php?rest_route=\/wp\/v2\/types\/page"}],"author":[{"embeddable":true,"href":"https:\/\/designum-architecture.fr\/index.php?rest_route=\/wp\/v2\/users\/1"}],"replies":[{"embeddable":true,"href":"https:\/\/designum-architecture.fr\/index.php?rest_route=%2Fwp%2Fv2%2Fcomments&post=129"}],"version-history":[{"count":37,"href":"https:\/\/designum-architecture.fr\/index.php?rest_route=\/wp\/v2\/pages\/129\/revisions"}],"predecessor-version":[{"id":1643,"href":"https:\/\/designum-architecture.fr\/index.php?rest_route=\/wp\/v2\/pages\/129\/revisions\/1643"}],"wp:attachment":[{"href":"https:\/\/designum-architecture.fr\/index.php?rest_route=%2Fwp%2Fv2%2Fmedia&parent=129"}],"curies":[{"name":"wp","href":"https:\/\/api.w.org\/{rel}","templated":true}]}}