{"id":919,"date":"2022-09-07T16:44:21","date_gmt":"2022-09-07T15:44:21","guid":{"rendered":"https:\/\/designum-architecture.fr\/?page_id=919"},"modified":"2023-05-23T08:25:30","modified_gmt":"2023-05-23T07:25:30","slug":"partenaires","status":"publish","type":"page","link":"https:\/\/designum-architecture.fr\/?page_id=919","title":{"rendered":"Partenaires"},"content":{"rendered":"\n<div class=\"wp-block-cover is-light\"><span aria-hidden=\"true\" class=\"wp-block-cover__background has-background-dim\"><\/span><img fetchpriority=\"high\" decoding=\"async\" width=\"1280\" height=\"853\" class=\"wp-block-cover__image-background wp-image-920\" alt=\"startup, meeting, brainstorming-594090.jpg\" src=\"https:\/\/designum-architecture.fr\/wp-content\/uploads\/2022\/09\/startup-meeting-brainstorming-594090.jpg\" data-object-fit=\"cover\" srcset=\"https:\/\/designum-architecture.fr\/wp-content\/uploads\/2022\/09\/startup-meeting-brainstorming-594090.jpg 1280w, https:\/\/designum-architecture.fr\/wp-content\/uploads\/2022\/09\/startup-meeting-brainstorming-594090-300x200.jpg 300w, https:\/\/designum-architecture.fr\/wp-content\/uploads\/2022\/09\/startup-meeting-brainstorming-594090-1024x682.jpg 1024w, https:\/\/designum-architecture.fr\/wp-content\/uploads\/2022\/09\/startup-meeting-brainstorming-594090-768x512.jpg 768w\" sizes=\"(max-width: 1280px) 100vw, 1280px\" \/><div class=\"wp-block-cover__inner-container is-layout-flow wp-block-cover-is-layout-flow\">\n<h1 class=\"wp-block-heading has-text-align-center has-ast-global-color-4-color has-text-color has-large-font-size\">partenaires<\/h1>\n<\/div><\/div>\n\n\n\n<p>    <\/p>\n\n\n\n<p><\/p>\n\n\n\n<figure class=\"wp-block-image alignright is-resized\"><img decoding=\"async\" src=\"https:\/\/designum-architecture.fr\/wp-content\/uploads\/2022\/03\/D-Designum-90\u00b0-1.png\" alt=\"\" class=\"wp-image-616\" width=\"75\" height=\"150\" srcset=\"https:\/\/designum-architecture.fr\/wp-content\/uploads\/2022\/03\/D-Designum-90\u00b0-1.png 435w, https:\/\/designum-architecture.fr\/wp-content\/uploads\/2022\/03\/D-Designum-90\u00b0-1-151x300.png 151w\" sizes=\"(max-width: 75px) 100vw, 75px\" \/><\/figure>\n\n\n\n<figure class=\"wp-block-image alignleft is-resized\"><img decoding=\"async\" src=\"https:\/\/designum-architecture.fr\/wp-content\/uploads\/2022\/03\/D-Designum-90\u00b0.png\" alt=\"\" class=\"wp-image-615\" width=\"75\" height=\"150\" srcset=\"https:\/\/designum-architecture.fr\/wp-content\/uploads\/2022\/03\/D-Designum-90\u00b0.png 435w, https:\/\/designum-architecture.fr\/wp-content\/uploads\/2022\/03\/D-Designum-90\u00b0-151x300.png 151w\" sizes=\"(max-width: 75px) 100vw, 75px\" \/><\/figure>\n\n\n\n<p class=\"has-ast-global-color-5-color has-text-color\">.<\/p>\n\n\n\n<p class=\"has-text-align-center has-ast-global-color-3-color has-text-color has-medium-font-size\">Dans cette rubrique, nous avons souhait\u00e9 partager avec vous  le parcours et l&rsquo;exp\u00e9rience de nos diff\u00e9rents partenaires. <\/p>\n\n\n\n<p><\/p>\n\n\n\n<p><\/p>\n\n\n\n<p><\/p>\n\n\n\n<p class=\"has-text-align-center\"><\/p>\n","protected":false},"excerpt":{"rendered":"<p>. Dans cette rubrique, nous avons souhait\u00e9 partager avec vous le parcours et l&rsquo;exp\u00e9rience de nos diff\u00e9rents partenaires.<\/p>\n","protected":false},"author":1,"featured_media":0,"parent":0,"menu_order":0,"comment_status":"closed","ping_status":"closed","template":"","meta":{"om_disable_all_campaigns":false,"_monsterinsights_skip_tracking":false,"_monsterinsights_sitenote_active":false,"_monsterinsights_sitenote_note":"","_monsterinsights_sitenote_category":0,"site-sidebar-layout":"default","site-content-layout":"","ast-site-content-layout":"default","site-content-style":"default","site-sidebar-style":"default","ast-global-header-display":"","ast-banner-title-visibility":"","ast-main-header-display":"","ast-hfb-above-header-display":"","ast-hfb-below-header-display":"","ast-hfb-mobile-header-display":"","site-post-title":"disabled","ast-breadcrumbs-content":"","ast-featured-img":"","footer-sml-layout":"","theme-transparent-header-meta":"","adv-header-id-meta":"","stick-header-meta":"","header-above-stick-meta":"","header-main-stick-meta":"","header-below-stick-meta":"","astra-migrate-meta-layouts":"default","ast-page-background-enabled":"default","ast-page-background-meta":{"desktop":{"background-color":"","background-image":"","background-repeat":"repeat","background-position":"center center","background-size":"auto","background-attachment":"scroll","background-type":"","background-media":"","overlay-type":"","overlay-color":"","overlay-opacity":"","overlay-gradient":""},"tablet":{"background-color":"","background-image":"","background-repeat":"repeat","background-position":"center center","background-size":"auto","background-attachment":"scroll","background-type":"","background-media":"","overlay-type":"","overlay-color":"","overlay-opacity":"","overlay-gradient":""},"mobile":{"background-color":"","background-image":"","background-repeat":"repeat","background-position":"center center","background-size":"auto","background-attachment":"scroll","background-type":"","background-media":"","overlay-type":"","overlay-color":"","overlay-opacity":"","overlay-gradient":""}},"ast-content-background-meta":{"desktop":{"background-color":"var(--ast-global-color-5)","background-image":"","background-repeat":"repeat","background-position":"center center","background-size":"auto","background-attachment":"scroll","background-type":"","background-media":"","overlay-type":"","overlay-color":"","overlay-opacity":"","overlay-gradient":""},"tablet":{"background-color":"var(--ast-global-color-5)","background-image":"","background-repeat":"repeat","background-position":"center center","background-size":"auto","background-attachment":"scroll","background-type":"","background-media":"","overlay-type":"","overlay-color":"","overlay-opacity":"","overlay-gradient":""},"mobile":{"background-color":"var(--ast-global-color-5)","background-image":"","background-repeat":"repeat","background-position":"center center","background-size":"auto","background-attachment":"scroll","background-type":"","background-media":"","overlay-type":"","overlay-color":"","overlay-opacity":"","overlay-gradient":""}},"footnotes":""},"class_list":["post-919","page","type-page","status-publish","hentry"],"aioseo_notices":[],"_links":{"self":[{"href":"https:\/\/designum-architecture.fr\/index.php?rest_route=\/wp\/v2\/pages\/919","targetHints":{"allow":["GET"]}}],"collection":[{"href":"https:\/\/designum-architecture.fr\/index.php?rest_route=\/wp\/v2\/pages"}],"about":[{"href":"https:\/\/designum-architecture.fr\/index.php?rest_route=\/wp\/v2\/types\/page"}],"author":[{"embeddable":true,"href":"https:\/\/designum-architecture.fr\/index.php?rest_route=\/wp\/v2\/users\/1"}],"replies":[{"embeddable":true,"href":"https:\/\/designum-architecture.fr\/index.php?rest_route=%2Fwp%2Fv2%2Fcomments&post=919"}],"version-history":[{"count":9,"href":"https:\/\/designum-architecture.fr\/index.php?rest_route=\/wp\/v2\/pages\/919\/revisions"}],"predecessor-version":[{"id":1759,"href":"https:\/\/designum-architecture.fr\/index.php?rest_route=\/wp\/v2\/pages\/919\/revisions\/1759"}],"wp:attachment":[{"href":"https:\/\/designum-architecture.fr\/index.php?rest_route=%2Fwp%2Fv2%2Fmedia&parent=919"}],"curies":[{"name":"wp","href":"https:\/\/api.w.org\/{rel}","templated":true}]}}